{"id":1405,"date":"2024-02-22T12:54:30","date_gmt":"2024-02-22T12:54:30","guid":{"rendered":"https:\/\/summerdreamsailing.com\/?page_id=1405"},"modified":"2024-03-01T14:47:57","modified_gmt":"2024-03-01T14:47:57","slug":"poznajmy-sie","status":"publish","type":"page","link":"https:\/\/summerdreamsailing.com\/index.php\/poznajmy-sie\/","title":{"rendered":"Poznajmy si\u0119"},"content":{"rendered":"<style>.kb-row-layout-id1405_db3cf2-e7 > .kt-row-column-wrap{align-content:start;}:where(.kb-row-layout-id1405_db3cf2-e7 > .kt-row-column-wrap) > .wp-block-kadence-column{justify-content:start;}.kb-row-layout-id1405_db3cf2-e7 > .kt-row-column-wrap{column-gap:var(--global-kb-gap-md, 2rem);row-gap:var(--global-kb-gap-md, 2rem);max-width:700px;margin-left:auto;margin-right:auto;padding-top:var(--global-kb-spacing-5xl, 10rem);padding-bottom:var(--global-kb-spacing-xxl, 5rem);grid-template-columns:minmax(0, 1fr);}.kb-row-layout-id1405_db3cf2-e7{background-image:url('https:\/\/summerdreamsailing.com\/wp-content\/uploads\/2024\/03\/selfie_01_iStock_opt_mid.jpg');background-size:cover;background-position:50% 50%;background-attachment:scroll;background-repeat:no-repeat;}.kb-row-layout-id1405_db3cf2-e7 > .kt-row-layout-overlay{opacity:1;background-color:rgba(0, 0, 0, 0);background-image:url('https:\/\/summerdreamsailing.com\/wp-content\/uploads\/2024\/03\/ocean_wave_01_white_wave_up.png');background-size:contain;background-position:50% 100%;background-attachment:scroll;background-repeat:no-repeat;mix-blend-mode:normal;}@media all and (max-width: 1024px){.kb-row-layout-id1405_db3cf2-e7 > .kt-row-column-wrap{grid-template-columns:minmax(0, 1fr);}}@media all and (max-width: 767px){.kb-row-layout-id1405_db3cf2-e7 > .kt-row-column-wrap{grid-template-columns:minmax(0, 1fr);}}<\/style><div class=\"kb-row-layout-wrap kb-row-layout-id1405_db3cf2-e7 alignnone kt-row-has-bg wp-block-kadence-rowlayout\"><div class=\"kt-row-layout-overlay kt-row-overlay-normal\"><\/div><div class=\"kt-row-column-wrap kt-has-1-columns kt-row-layout-equal kt-tab-layout-inherit kt-mobile-layout-row kt-row-valign-top\">\n<style>.kadence-column1405_cbc3ab-26 > .kt-inside-inner-col,.kadence-column1405_cbc3ab-26 > .kt-inside-inner-col:before{border-top-left-radius:0px;border-top-right-radius:0px;border-bottom-right-radius:0px;border-bottom-left-radius:0px;}.kadence-column1405_cbc3ab-26 > .kt-inside-inner-col{column-gap:var(--global-kb-gap-sm, 1rem);}.kadence-column1405_cbc3ab-26 > .kt-inside-inner-col{flex-direction:column;}.kadence-column1405_cbc3ab-26 > .kt-inside-inner-col > .aligncenter{width:100%;}.kadence-column1405_cbc3ab-26 > .kt-inside-inner-col:before{opacity:0.3;}.kadence-column1405_cbc3ab-26{position:relative;}@media all and (max-width: 1024px){.kadence-column1405_cbc3ab-26 > .kt-inside-inner-col{flex-direction:column;justify-content:center;}}@media all and (max-width: 767px){.kadence-column1405_cbc3ab-26 > .kt-inside-inner-col{flex-direction:column;justify-content:center;}}<\/style>\n<div class=\"wp-block-kadence-column kadence-column1405_cbc3ab-26\"><div class=\"kt-inside-inner-col\"><style>.wp-block-kadence-advancedheading.kt-adv-heading1405_c57a16-6f, .wp-block-kadence-advancedheading.kt-adv-heading1405_c57a16-6f[data-kb-block=\"kb-adv-heading1405_c57a16-6f\"]{text-align:center;font-style:normal;}.wp-block-kadence-advancedheading.kt-adv-heading1405_c57a16-6f mark.kt-highlight, .wp-block-kadence-advancedheading.kt-adv-heading1405_c57a16-6f[data-kb-block=\"kb-adv-heading1405_c57a16-6f\"] mark.kt-highlight{font-style:normal;color:#f76a0c;-webkit-box-decoration-break:clone;box-decoration-break:clone;padding-top:0px;padding-right:0px;padding-bottom:0px;padding-left:0px;}.wp-block-kadence-advancedheading.kt-adv-heading1405_c57a16-6f img.kb-inline-image, .wp-block-kadence-advancedheading.kt-adv-heading1405_c57a16-6f[data-kb-block=\"kb-adv-heading1405_c57a16-6f\"] img.kb-inline-image{width:150px;vertical-align:baseline;}<\/style>\n<h2 class=\"kt-adv-heading1405_c57a16-6f wp-block-kadence-advancedheading has-theme-palette-9-color has-text-color\" data-kb-block=\"kb-adv-heading1405_c57a16-6f\">Poznajmy si\u0119<\/h2>\n\n\n<style>.wp-block-kadence-advancedheading.kt-adv-heading1405_0377a5-dd, .wp-block-kadence-advancedheading.kt-adv-heading1405_0377a5-dd[data-kb-block=\"kb-adv-heading1405_0377a5-dd\"]{text-align:center;font-style:normal;}.wp-block-kadence-advancedheading.kt-adv-heading1405_0377a5-dd mark.kt-highlight, .wp-block-kadence-advancedheading.kt-adv-heading1405_0377a5-dd[data-kb-block=\"kb-adv-heading1405_0377a5-dd\"] mark.kt-highlight{font-style:normal;color:#f76a0c;-webkit-box-decoration-break:clone;box-decoration-break:clone;padding-top:0px;padding-right:0px;padding-bottom:0px;padding-left:0px;}.wp-block-kadence-advancedheading.kt-adv-heading1405_0377a5-dd img.kb-inline-image, .wp-block-kadence-advancedheading.kt-adv-heading1405_0377a5-dd[data-kb-block=\"kb-adv-heading1405_0377a5-dd\"] img.kb-inline-image{width:150px;vertical-align:baseline;}<\/style>\n<p class=\"kt-adv-heading1405_0377a5-dd wp-block-kadence-advancedheading has-theme-palette-9-color has-text-color\" data-kb-block=\"kb-adv-heading1405_0377a5-dd\">Kilka s\u0142\u00f3w w nas, organizatorach Twojego rejsu<\/p>\n<\/div><\/div>\n\n<\/div><\/div>\n\n<style>.kb-row-layout-id1405_374ecc-bd > .kt-row-column-wrap{align-content:center;}:where(.kb-row-layout-id1405_374ecc-bd > .kt-row-column-wrap) > .wp-block-kadence-column{justify-content:center;}.kb-row-layout-id1405_374ecc-bd > .kt-row-column-wrap{column-gap:var(--global-kb-gap-lg, 4rem);row-gap:var(--global-kb-gap-md, 2rem);max-width:var( --global-content-width, 1290px );padding-left:var(--global-content-edge-padding);padding-right:var(--global-content-edge-padding);padding-top:var(--global-kb-spacing-4xl, 8rem);padding-bottom:var(--global-kb-spacing-xxl, 5rem);grid-template-columns:minmax(0, calc(60% - ((var(--global-kb-gap-lg, 4rem) * 1 )\/2)))minmax(0, calc(40% - ((var(--global-kb-gap-lg, 4rem) * 1 )\/2)));}.kb-row-layout-id1405_374ecc-bd > .kt-row-layout-overlay{opacity:0.30;}@media all and (max-width: 1024px){.kb-row-layout-id1405_374ecc-bd > .kt-row-column-wrap{grid-template-columns:minmax(0, 1fr);}}@media all and (max-width: 767px){.kb-row-layout-id1405_374ecc-bd > .kt-row-column-wrap{grid-template-columns:minmax(0, 1fr);}}<\/style><div class=\"kb-row-layout-wrap kb-row-layout-id1405_374ecc-bd alignnone wp-block-kadence-rowlayout\"><div class=\"kt-row-column-wrap kt-has-2-columns kt-row-layout-equal kt-tab-layout-row kt-mobile-layout-row kt-row-valign-middle kb-theme-content-width\">\n<style>.kadence-column1405_1e4b98-0c > .kt-inside-inner-col,.kadence-column1405_1e4b98-0c > .kt-inside-inner-col:before{border-top-left-radius:0px;border-top-right-radius:0px;border-bottom-right-radius:0px;border-bottom-left-radius:0px;}.kadence-column1405_1e4b98-0c > .kt-inside-inner-col{column-gap:var(--global-kb-gap-sm, 1rem);}.kadence-column1405_1e4b98-0c > .kt-inside-inner-col{flex-direction:column;}.kadence-column1405_1e4b98-0c > .kt-inside-inner-col > .aligncenter{width:100%;}.kadence-column1405_1e4b98-0c > .kt-inside-inner-col:before{opacity:0.3;}.kadence-column1405_1e4b98-0c{position:relative;}@media all and (max-width: 1024px){.kadence-column1405_1e4b98-0c > .kt-inside-inner-col{flex-direction:column;justify-content:center;}}@media all and (max-width: 767px){.kadence-column1405_1e4b98-0c > .kt-inside-inner-col{flex-direction:column;justify-content:center;}}<\/style>\n<div class=\"wp-block-kadence-column kadence-column1405_1e4b98-0c\"><div class=\"kt-inside-inner-col\"><style>.kb-row-layout-id1405_0ec64c-00 > .kt-row-column-wrap{align-content:start;}:where(.kb-row-layout-id1405_0ec64c-00 > .kt-row-column-wrap) > .wp-block-kadence-column{justify-content:start;}.kb-row-layout-id1405_0ec64c-00 > .kt-row-column-wrap{column-gap:var(--global-kb-gap-md, 2rem);row-gap:var(--global-kb-gap-md, 2rem);grid-template-columns:minmax(0, 2fr) minmax(0, 1fr);}.kb-row-layout-id1405_0ec64c-00 > .kt-row-layout-overlay{opacity:0.30;}@media all and (max-width: 1024px){.kb-row-layout-id1405_0ec64c-00 > .kt-row-column-wrap{grid-template-columns:minmax(0, 2fr) minmax(0, 1fr);}}@media all and (max-width: 767px){.kb-row-layout-wrap.wp-block-kadence-rowlayout.kb-row-layout-id1405_0ec64c-00{margin-top:0px;margin-bottom:0px;}.kb-row-layout-id1405_0ec64c-00 > .kt-row-column-wrap{padding-top:0px;padding-right:0px;padding-bottom:0px;padding-left:0px;grid-template-columns:minmax(0, 1fr);}.kb-row-layout-id1405_0ec64c-00 > .kt-row-column-wrap > .wp-block-kadence-column:nth-child(1 of *:not(style)){order:2;}.kb-row-layout-id1405_0ec64c-00 > .kt-row-column-wrap > .wp-block-kadence-column:nth-child(2 of *:not(style)){order:1;}.kb-row-layout-id1405_0ec64c-00 > .kt-row-column-wrap > .wp-block-kadence-column:nth-child(3 of *:not(style)){order:12;}.kb-row-layout-id1405_0ec64c-00 > .kt-row-column-wrap > .wp-block-kadence-column:nth-child(4 of *:not(style)){order:11;}.kb-row-layout-id1405_0ec64c-00 > .kt-row-column-wrap > .wp-block-kadence-column:nth-child(5 of *:not(style)){order:22;}.kb-row-layout-id1405_0ec64c-00 > .kt-row-column-wrap > .wp-block-kadence-column:nth-child(6 of *:not(style)){order:21;}.kb-row-layout-id1405_0ec64c-00 > .kt-row-column-wrap > .wp-block-kadence-column:nth-child(7 of *:not(style)){order:32;}.kb-row-layout-id1405_0ec64c-00 > .kt-row-column-wrap > .wp-block-kadence-column:nth-child(8 of *:not(style)){order:31;}}<\/style><div class=\"kb-row-layout-wrap kb-row-layout-id1405_0ec64c-00 alignnone wp-block-kadence-rowlayout\"><div class=\"kt-row-column-wrap kt-has-2-columns kt-row-layout-left-golden kt-tab-layout-inherit kt-mobile-layout-row kt-row-valign-top\">\n<style>.kadence-column1405_805919-a6 > .kt-inside-inner-col,.kadence-column1405_805919-a6 > .kt-inside-inner-col:before{border-top-left-radius:0px;border-top-right-radius:0px;border-bottom-right-radius:0px;border-bottom-left-radius:0px;}.kadence-column1405_805919-a6 > .kt-inside-inner-col{column-gap:var(--global-kb-gap-sm, 1rem);}.kadence-column1405_805919-a6 > .kt-inside-inner-col{flex-direction:column;}.kadence-column1405_805919-a6 > .kt-inside-inner-col > .aligncenter{width:100%;}.kadence-column1405_805919-a6 > .kt-inside-inner-col:before{opacity:0.3;}.kadence-column1405_805919-a6{position:relative;}.kadence-column1405_805919-a6, .kt-inside-inner-col > .kadence-column1405_805919-a6:not(.specificity){margin-bottom:-200px;margin-left:0px;}@media all and (max-width: 1024px){.kadence-column1405_805919-a6 > .kt-inside-inner-col{flex-direction:column;justify-content:center;}}@media all and (max-width: 767px){.kadence-column1405_805919-a6 > .kt-inside-inner-col{flex-direction:column;justify-content:center;}.kadence-column1405_805919-a6, .kt-inside-inner-col > .kadence-column1405_805919-a6:not(.specificity){margin-top:0px;margin-right:0px;margin-bottom:0px;margin-left:0px;}}<\/style>\n<div class=\"wp-block-kadence-column kadence-column1405_805919-a6\"><div class=\"kt-inside-inner-col\"><\/div><\/div>\n\n\n<style>.kadence-column1405_810f81-a4 > .kt-inside-inner-col,.kadence-column1405_810f81-a4 > .kt-inside-inner-col:before{border-top-left-radius:0px;border-top-right-radius:0px;border-bottom-right-radius:0px;border-bottom-left-radius:0px;}.kadence-column1405_810f81-a4 > .kt-inside-inner-col{column-gap:var(--global-kb-gap-sm, 1rem);}.kadence-column1405_810f81-a4 > .kt-inside-inner-col{flex-direction:column;}.kadence-column1405_810f81-a4 > .kt-inside-inner-col > .aligncenter{width:100%;}.kadence-column1405_810f81-a4 > .kt-inside-inner-col:before{opacity:0.3;}.kadence-column1405_810f81-a4{position:relative;}@media all and (max-width: 1024px){.kadence-column1405_810f81-a4 > .kt-inside-inner-col{flex-direction:column;justify-content:center;}}@media all and (max-width: 767px){.kadence-column1405_810f81-a4 > .kt-inside-inner-col{flex-direction:column;justify-content:center;}}<\/style>\n<div class=\"wp-block-kadence-column kadence-column1405_810f81-a4 kvs-sm-false\"><div class=\"kt-inside-inner-col\"><\/div><\/div>\n\n<\/div><\/div>\n\n<style>.wp-block-kadence-image.kb-image1405_3959a7-69:not(.kb-specificity-added):not(.kb-extra-specificity-added){margin-top:-110px;margin-left:40px;}.kb-image1405_3959a7-69 .kb-image-has-overlay:after{opacity:0.3;border-top-left-radius:10px;border-top-right-radius:10px;border-bottom-right-radius:10px;border-bottom-left-radius:10px;}.kb-image1405_3959a7-69 img.kb-img, .kb-image1405_3959a7-69 .kb-img img{border-top-left-radius:10px;border-top-right-radius:10px;border-bottom-right-radius:10px;border-bottom-left-radius:10px;}@media all and (max-width: 767px){.wp-block-kadence-image.kb-image1405_3959a7-69:not(.kb-specificity-added):not(.kb-extra-specificity-added){margin-top:0px;margin-right:0px;margin-bottom:0px;margin-left:0px;}}<\/style>\n<figure class=\"wp-block-kadence-image kb-image1405_3959a7-69 size-full kb-image-is-ratio-size\"><div class=\"kb-is-ratio-image kb-image-ratio-land32\"><img fetchpriority=\"high\" decoding=\"async\" width=\"1000\" height=\"700\" src=\"https:\/\/summerdreamsailing.com\/wp-content\/uploads\/2024\/02\/helm_station_01_iStock_opt1000x700.jpg\" alt=\"Helm station\" class=\"kb-img wp-image-1355\" srcset=\"https:\/\/summerdreamsailing.com\/wp-content\/uploads\/2024\/02\/helm_station_01_iStock_opt1000x700.jpg 1000w, https:\/\/summerdreamsailing.com\/wp-content\/uploads\/2024\/02\/helm_station_01_iStock_opt1000x700-300x210.jpg 300w, https:\/\/summerdreamsailing.com\/wp-content\/uploads\/2024\/02\/helm_station_01_iStock_opt1000x700-768x538.jpg 768w\" sizes=\"(max-width: 1000px) 100vw, 1000px\" \/><\/div><\/figure>\n<\/div><\/div>\n\n\n<style>.kadence-column1405_ec919c-bb > .kt-inside-inner-col,.kadence-column1405_ec919c-bb > .kt-inside-inner-col:before{border-top-left-radius:0px;border-top-right-radius:0px;border-bottom-right-radius:0px;border-bottom-left-radius:0px;}.kadence-column1405_ec919c-bb > .kt-inside-inner-col{column-gap:var(--global-kb-gap-sm, 1rem);}.kadence-column1405_ec919c-bb > .kt-inside-inner-col{flex-direction:column;}.kadence-column1405_ec919c-bb > .kt-inside-inner-col > .aligncenter{width:100%;}.kadence-column1405_ec919c-bb > .kt-inside-inner-col:before{opacity:0.3;}.kadence-column1405_ec919c-bb{position:relative;}@media all and (max-width: 1024px){.kadence-column1405_ec919c-bb > .kt-inside-inner-col{flex-direction:column;justify-content:center;}}@media all and (max-width: 767px){.kadence-column1405_ec919c-bb > .kt-inside-inner-col{flex-direction:column;justify-content:center;}}<\/style>\n<div class=\"wp-block-kadence-column kadence-column1405_ec919c-bb\"><div class=\"kt-inside-inner-col\"><style>.wp-block-kadence-advancedheading.kt-adv-heading1405_0d6680-1f, .wp-block-kadence-advancedheading.kt-adv-heading1405_0d6680-1f[data-kb-block=\"kb-adv-heading1405_0d6680-1f\"]{text-align:left;font-style:normal;}.wp-block-kadence-advancedheading.kt-adv-heading1405_0d6680-1f mark.kt-highlight, .wp-block-kadence-advancedheading.kt-adv-heading1405_0d6680-1f[data-kb-block=\"kb-adv-heading1405_0d6680-1f\"] mark.kt-highlight{font-style:normal;color:#f76a0c;-webkit-box-decoration-break:clone;box-decoration-break:clone;padding-top:0px;padding-right:0px;padding-bottom:0px;padding-left:0px;}.wp-block-kadence-advancedheading.kt-adv-heading1405_0d6680-1f img.kb-inline-image, .wp-block-kadence-advancedheading.kt-adv-heading1405_0d6680-1f[data-kb-block=\"kb-adv-heading1405_0d6680-1f\"] img.kb-inline-image{width:150px;vertical-align:baseline;}@media all and (max-width: 767px){.wp-block-kadence-advancedheading.kt-adv-heading1405_0d6680-1f, .wp-block-kadence-advancedheading.kt-adv-heading1405_0d6680-1f[data-kb-block=\"kb-adv-heading1405_0d6680-1f\"]{font-size:var(--global-kb-font-size-lg, 2rem);}}<\/style>\n<h2 class=\"kt-adv-heading1405_0d6680-1f wp-block-kadence-advancedheading has-theme-palette-3-color has-text-color\" data-kb-block=\"kb-adv-heading1405_0d6680-1f\">Strona w budowie<\/h2>\n\n\n<style>.wp-block-kadence-advancedheading.kt-adv-heading1405_9a0ed0-ad, .wp-block-kadence-advancedheading.kt-adv-heading1405_9a0ed0-ad[data-kb-block=\"kb-adv-heading1405_9a0ed0-ad\"]{font-style:normal;}.wp-block-kadence-advancedheading.kt-adv-heading1405_9a0ed0-ad mark.kt-highlight, .wp-block-kadence-advancedheading.kt-adv-heading1405_9a0ed0-ad[data-kb-block=\"kb-adv-heading1405_9a0ed0-ad\"] mark.kt-highlight{font-style:normal;color:#f76a0c;-webkit-box-decoration-break:clone;box-decoration-break:clone;padding-top:0px;padding-right:0px;padding-bottom:0px;padding-left:0px;}.wp-block-kadence-advancedheading.kt-adv-heading1405_9a0ed0-ad img.kb-inline-image, .wp-block-kadence-advancedheading.kt-adv-heading1405_9a0ed0-ad[data-kb-block=\"kb-adv-heading1405_9a0ed0-ad\"] img.kb-inline-image{width:150px;vertical-align:baseline;}<\/style>\n<p class=\"kt-adv-heading1405_9a0ed0-ad wp-block-kadence-advancedheading\" data-kb-block=\"kb-adv-heading1405_9a0ed0-ad\">Wkr\u00f3tce uzupe\u0142nimy t\u0105 stron\u0119 dla Ciebie<\/p>\n<\/div><\/div>\n\n<\/div><\/div>\n\n<style>.kb-row-layout-id1405_21f8ee-4b > .kt-row-column-wrap{align-content:start;}:where(.kb-row-layout-id1405_21f8ee-4b > .kt-row-column-wrap) > .wp-block-kadence-column{justify-content:start;}.kb-row-layout-id1405_21f8ee-4b > .kt-row-column-wrap{column-gap:var(--global-kb-gap-md, 2rem);row-gap:var(--global-kb-gap-md, 2rem);padding-top:var(--global-kb-spacing-5xl, 10rem);padding-bottom:var(--global-kb-spacing-5xl, 10rem);grid-template-columns:minmax(0, 1fr);}.kb-row-layout-id1405_21f8ee-4b{background-image:url('https:\/\/summerdreamsailing.com\/wp-content\/uploads\/2024\/03\/topdown_beach_trees_people_02_depo_opt_mid.jpg');background-size:cover;background-position:50% 44%;background-attachment:scroll;background-repeat:no-repeat;}.kb-row-layout-id1405_21f8ee-4b > .kt-row-layout-overlay{opacity:1;background-image:url('https:\/\/summerdreamsailing.com\/wp-content\/uploads\/2024\/03\/ocean_wave_01_transparent_wave_up.png');background-size:contain;background-position:50% 0%;background-attachment:scroll;background-repeat:no-repeat;}@media all and (max-width: 1024px){.kb-row-layout-id1405_21f8ee-4b > .kt-row-column-wrap{grid-template-columns:minmax(0, 1fr);}}@media all and (max-width: 767px){.kb-row-layout-id1405_21f8ee-4b > .kt-row-column-wrap{grid-template-columns:minmax(0, 1fr);}}<\/style><div class=\"kb-row-layout-wrap kb-row-layout-id1405_21f8ee-4b alignnone kt-row-has-bg wp-block-kadence-rowlayout\"><div class=\"kt-row-layout-overlay kt-row-overlay-normal\"><\/div><div class=\"kt-row-column-wrap kt-has-1-columns kt-row-layout-equal kt-tab-layout-inherit kt-mobile-layout-row kt-row-valign-top\">\n<style>.kadence-column1405_b671a3-42 > .kt-inside-inner-col,.kadence-column1405_b671a3-42 > .kt-inside-inner-col:before{border-top-left-radius:0px;border-top-right-radius:0px;border-bottom-right-radius:0px;border-bottom-left-radius:0px;}.kadence-column1405_b671a3-42 > .kt-inside-inner-col{column-gap:var(--global-kb-gap-sm, 1rem);}.kadence-column1405_b671a3-42 > .kt-inside-inner-col{flex-direction:column;}.kadence-column1405_b671a3-42 > .kt-inside-inner-col > .aligncenter{width:100%;}.kadence-column1405_b671a3-42 > .kt-inside-inner-col:before{opacity:0.3;}.kadence-column1405_b671a3-42{position:relative;}@media all and (max-width: 1024px){.kadence-column1405_b671a3-42 > .kt-inside-inner-col{flex-direction:column;justify-content:center;}}@media all and (max-width: 767px){.kadence-column1405_b671a3-42 > .kt-inside-inner-col{flex-direction:column;justify-content:center;}}<\/style>\n<div class=\"wp-block-kadence-column kadence-column1405_b671a3-42\"><div class=\"kt-inside-inner-col\"><\/div><\/div>\n\n<\/div><\/div>","protected":false},"excerpt":{"rendered":"<p>Poznajmy si\u0119 Kilka s\u0142\u00f3w w nas, organizatorach Twojego rejsu Strona w budowie Wkr\u00f3tce uzupe\u0142nimy t\u0105 stron\u0119 dla Ciebie<\/p>\n","protected":false},"author":3,"featured_media":0,"parent":0,"menu_order":0,"comment_status":"closed","ping_status":"closed","template":"","meta":{"_kadence_starter_templates_imported_post":false,"_kad_post_transparent":"","_kad_post_title":"","_kad_post_layout":"","_kad_post_sidebar_id":"","_kad_post_content_style":"","_kad_post_vertical_padding":"","_kad_post_feature":"","_kad_post_feature_position":"","_kad_post_header":false,"_kad_post_footer":true,"_kad_post_classname":"","footnotes":""},"class_list":["post-1405","page","type-page","status-publish","hentry"],"_links":{"self":[{"href":"https:\/\/summerdreamsailing.com\/index.php\/wp-json\/wp\/v2\/pages\/1405","targetHints":{"allow":["GET"]}}],"collection":[{"href":"https:\/\/summerdreamsailing.com\/index.php\/wp-json\/wp\/v2\/pages"}],"about":[{"href":"https:\/\/summerdreamsailing.com\/index.php\/wp-json\/wp\/v2\/types\/page"}],"author":[{"embeddable":true,"href":"https:\/\/summerdreamsailing.com\/index.php\/wp-json\/wp\/v2\/users\/3"}],"replies":[{"embeddable":true,"href":"https:\/\/summerdreamsailing.com\/index.php\/wp-json\/wp\/v2\/comments?post=1405"}],"version-history":[{"count":3,"href":"https:\/\/summerdreamsailing.com\/index.php\/wp-json\/wp\/v2\/pages\/1405\/revisions"}],"predecessor-version":[{"id":1597,"href":"https:\/\/summerdreamsailing.com\/index.php\/wp-json\/wp\/v2\/pages\/1405\/revisions\/1597"}],"wp:attachment":[{"href":"https:\/\/summerdreamsailing.com\/index.php\/wp-json\/wp\/v2\/media?parent=1405"}],"curies":[{"name":"wp","href":"https:\/\/api.w.org\/{rel}","templated":true}]}}